{"id":127,"date":"2026-03-24T18:20:08","date_gmt":"2026-03-24T15:20:08","guid":{"rendered":"https:\/\/www.teknofest.online\/?post_type=product&#038;p=127"},"modified":"2026-04-02T16:25:27","modified_gmt":"2026-04-02T13:25:27","slug":"isimlik","status":"publish","type":"product","link":"https:\/\/www.teknofest.online\/?product=isimlik","title":{"rendered":"\u0130simlik"},"content":{"rendered":"<div class=\"w-full flex flex-col gap-1\">\n<div class=\"font-tfStoreNormal text-sm text-[#BDBFC1]\">\n<p>\u0130simlik sipari\u015fleriniz ki\u015fiye \u00f6zel \u00fcretildi\u011fi i\u00e7in kargolama s\u00fcresi 15 i\u015f g\u00fcn\u00fc bulabilmektedir.<\/p>\n<\/div>\n<\/div>\n<div class=\"w-full my-10\">\n<form id=\"addBasket\" class=\"h-full w-full flex flex-col gap-3 overflow-hidden\" method=\"POST\" name=\"addBasketForm\">\n<div class=\"grid grid-cols-12 md:gap-14 flex flex-row justify-start items-center\">\n<div class=\"flex items-center gap-2\"><\/div>\n<\/div>\n<\/form>\n<\/div>\n","protected":false},"excerpt":{"rendered":"<div class=\"w-full flex flex-col gap-1\">\n<div class=\"font-tfStoreNormal text-sm text-[#BDBFC1]\">\n<p>\u0130simlik sipari\u015fleriniz ki\u015fiye \u00f6zel \u00fcretildi\u011fi i\u00e7in kargolama s\u00fcresi 15 i\u015f g\u00fcn\u00fc bulabilmektedir.<\/p>\n<\/div>\n<\/div>\n<div class=\"w-full my-10\">\n<form id=\"addBasket\" class=\"h-full w-full flex flex-col gap-3 overflow-hidden\" method=\"POST\" name=\"addBasketForm\">\n<div class=\"grid grid-cols-12 md:gap-14 flex flex-row justify-start items-center\">\n<div class=\"flex items-center gap-2\"><\/div>\n<\/div>\n<\/form>\n<\/div>\n","protected":false},"featured_media":128,"comment_status":"open","ping_status":"closed","template":"","meta":[],"product_brand":[18],"product_cat":[17],"product_tag":[29,27],"class_list":{"0":"post-127","1":"product","2":"type-product","3":"status-publish","4":"has-post-thumbnail","6":"product_brand-teknofest","7":"product_cat-mont","8":"product_tag-isimlik","9":"product_tag-teknofest","11":"first","12":"instock","13":"sale","14":"taxable","15":"shipping-taxable","16":"purchasable","17":"product-type-simple"},"jetpack_sharing_enabled":true,"_links":{"self":[{"href":"https:\/\/www.teknofest.online\/index.php?rest_route=\/wp\/v2\/product\/127","targetHints":{"allow":["GET"]}}],"collection":[{"href":"https:\/\/www.teknofest.online\/index.php?rest_route=\/wp\/v2\/product"}],"about":[{"href":"https:\/\/www.teknofest.online\/index.php?rest_route=\/wp\/v2\/types\/product"}],"replies":[{"embeddable":true,"href":"https:\/\/www.teknofest.online\/index.php?rest_route=%2Fwp%2Fv2%2Fcomments&post=127"}],"wp:featuredmedia":[{"embeddable":true,"href":"https:\/\/www.teknofest.online\/index.php?rest_route=\/wp\/v2\/media\/128"}],"wp:attachment":[{"href":"https:\/\/www.teknofest.online\/index.php?rest_route=%2Fwp%2Fv2%2Fmedia&parent=127"}],"wp:term":[{"taxonomy":"product_brand","embeddable":true,"href":"https:\/\/www.teknofest.online\/index.php?rest_route=%2Fwp%2Fv2%2Fproduct_brand&post=127"},{"taxonomy":"product_cat","embeddable":true,"href":"https:\/\/www.teknofest.online\/index.php?rest_route=%2Fwp%2Fv2%2Fproduct_cat&post=127"},{"taxonomy":"product_tag","embeddable":true,"href":"https:\/\/www.teknofest.online\/index.php?rest_route=%2Fwp%2Fv2%2Fproduct_tag&post=127"}],"curies":[{"name":"wp","href":"https:\/\/api.w.org\/{rel}","templated":true}]}}